{"id":8386,"date":"2023-07-19T18:30:04","date_gmt":"2023-07-19T16:30:04","guid":{"rendered":"https:\/\/www.cbd.fr\/blog\/?page_id=8386"},"modified":"2023-07-19T19:56:41","modified_gmt":"2023-07-19T17:56:41","slug":"nos-auteurs-experts-en-cbd","status":"publish","type":"page","link":"https:\/\/www.cbd.fr\/blog\/nos-auteurs-experts-en-cbd\/","title":{"rendered":"Nos auteurs, R\u00e9dacteurs, Experts en CBD"},"content":{"rendered":"\t\t<div data-elementor-type=\"wp-page\" data-elementor-id=\"8386\" class=\"elementor elementor-8386\" data-elementor-post-type=\"page\">\n\t\t\t\t\t\t<section class=\"elementor-section elementor-top-section elementor-element elementor-element-40b46a4 elementor-section-boxed elementor-section-height-default elementor-section-height-default\" data-id=\"40b46a4\" data-element_type=\"section\" data-e-type=\"section\">\n\t\t\t\t\t\t<div class=\"elementor-container elementor-column-gap-default\">\n\t\t\t\t\t<div class=\"elementor-column elementor-col-100 elementor-top-column elementor-element elementor-element-c9efe80\" data-id=\"c9efe80\" data-element_type=\"column\" data-e-type=\"column\">\n\t\t\t<div class=\"elementor-widget-wrap elementor-element-populated\">\n\t\t\t\t\t\t<div class=\"elementor-element elementor-element-02e4379 elementor-widget-divider--view-line_text elementor-widget-divider--element-align-center elementor-widget elementor-widget-divider\" data-id=\"02e4379\" data-element_type=\"widget\" data-e-type=\"widget\" data-widget_type=\"divider.default\">\n\t\t\t\t<div class=\"elementor-widget-container\">\n\t\t\t\t\t\t\t<div class=\"elementor-divider\">\n\t\t\t<span class=\"elementor-divider-separator\">\n\t\t\t\t\t\t\t<h1 class=\"elementor-divider__text elementor-divider__element\">\n\t\t\t\tnos auteurs et experts en cbd\t\t\t\t<\/h1>\n\t\t\t\t\t\t<\/span>\n\t\t<\/div>\n\t\t\t\t\t\t<\/div>\n\t\t\t\t<\/div>\n\t\t\t\t\t<\/div>\n\t\t<\/div>\n\t\t\t\t\t<\/div>\n\t\t<\/section>\n\t\t\t\t<section class=\"elementor-section elementor-top-section elementor-element elementor-element-3d6645d elementor-section-boxed elementor-section-height-default elementor-section-height-default\" data-id=\"3d6645d\" data-element_type=\"section\" data-e-type=\"section\">\n\t\t\t\t\t\t<div class=\"elementor-container elementor-column-gap-default\">\n\t\t\t\t\t<div class=\"elementor-column elementor-col-100 elementor-top-column elementor-element elementor-element-f68133e\" data-id=\"f68133e\" data-element_type=\"column\" data-e-type=\"column\">\n\t\t\t<div class=\"elementor-widget-wrap elementor-element-populated\">\n\t\t\t\t\t\t<div class=\"elementor-element elementor-element-914ca4b elementor-author-box--layout-image-left elementor-author-box--image-valign-top elementor-widget elementor-widget-author-box\" data-id=\"914ca4b\" data-element_type=\"widget\" data-e-type=\"widget\" data-widget_type=\"author-box.default\">\n\t\t\t\t<div class=\"elementor-widget-container\">\n\t\t\t\t\t\t\t<div class=\"elementor-author-box\">\n\t\t\t\t\t\t\t<div  class=\"elementor-author-box__avatar\">\n\t\t\t\t\t<img decoding=\"async\" src=\"https:\/\/www.cbd.fr\/blog\/wp-content\/uploads\/2023\/07\/cordosboub_man_writer_with_his_pen_growing_cannabis_pixar_style_f0727450-5cd9-49db-945a-fc3fe75a824f-300x300.png\" alt=\"Image de julien\" loading=\"lazy\">\n\t\t\t\t<\/div>\n\t\t\t\n\t\t\t<div class=\"elementor-author-box__text\">\n\t\t\t\t\t\t\t\t\t<div >\n\t\t\t\t\t\t<h2 class=\"elementor-author-box__name\">\n\t\t\t\t\t\t\tjulien\t\t\t\t\t\t<\/h2>\n\t\t\t\t\t<\/div>\n\t\t\t\t\n\t\t\t\t\t\t\t\t\t<div class=\"elementor-author-box__bio\">\n\t\t\t\t\t\t<p><b>R\u00e9dacteur en chef sp\u00e9cialis\u00e9 en CBD<\/b><\/p>\n<p>Julien, n\u00e9 le 17 juillet 1978 en r\u00e9gion Parisienne, est un \u00e9minent r\u00e9dacteur et expert dans le domaine des produits \u00e0 base de CBD. Suite \u00e0 ses \u00e9tudes en biologie et en m\u00e9decine alternative, Julien a d\u00e9velopp\u00e9 une passion pour les rem\u00e8des naturels, dont le CBD. En 2022, il int\u00e8gre l\u2019\u00e9quipe du site CBD.fr en qualit\u00e9 d\u2019expert et de contributeur r\u00e9gulier. Gr\u00e2ce \u00e0 son expertise scientifique et une \u00e9criture claire, Julien aide \u00e0 d\u00e9mystifier les aspects complexes du CBD, tout en mettant en lumi\u00e8re ses bienfaits et applications potentielles \u00e0 travers ses articles et participations \u00e0 des conf\u00e9rences.<\/p>\n\t\t\t\t\t<\/div>\n\t\t\t\t\n\t\t\t\t\t\t\t\t\t<a class=\"elementor-author-box__button elementor-button elementor-size-xs\" href=\"https:\/\/www.cbd.fr\/blog\/author\/redac-cbd\/\">\n\t\t\t\t\t\tVoir tous ses articles\t\t\t\t\t<\/a>\n\t\t\t\t\t\t\t<\/div>\n\t\t<\/div>\n\t\t\t\t\t\t<\/div>\n\t\t\t\t<\/div>\n\t\t\t\t\t<\/div>\n\t\t<\/div>\n\t\t\t\t\t<\/div>\n\t\t<\/section>\n\t\t\t\t<section class=\"elementor-section elementor-top-section elementor-element elementor-element-9d1f18f elementor-section-boxed elementor-section-height-default elementor-section-height-default\" data-id=\"9d1f18f\" data-element_type=\"section\" data-e-type=\"section\">\n\t\t\t\t\t\t<div class=\"elementor-container elementor-column-gap-default\">\n\t\t\t\t\t<div class=\"elementor-column elementor-col-100 elementor-top-column elementor-element elementor-element-a49cbf4\" data-id=\"a49cbf4\" data-element_type=\"column\" data-e-type=\"column\">\n\t\t\t<div class=\"elementor-widget-wrap elementor-element-populated\">\n\t\t\t\t\t\t<div class=\"elementor-element elementor-element-30a0561 elementor-author-box--layout-image-left elementor-author-box--image-valign-top elementor-widget elementor-widget-author-box\" data-id=\"30a0561\" data-element_type=\"widget\" data-e-type=\"widget\" data-widget_type=\"author-box.default\">\n\t\t\t\t<div class=\"elementor-widget-container\">\n\t\t\t\t\t\t\t<div class=\"elementor-author-box\">\n\t\t\t\t\t\t\t<div  class=\"elementor-author-box__avatar\">\n\t\t\t\t\t<img decoding=\"async\" src=\"https:\/\/www.cbd.fr\/blog\/wp-content\/uploads\/2023\/07\/Cordosboub_man_with_dreadlocks_growing_cannabis_in_spain_pixar__3fd56d04-0dbb-4315-a8b6-093b2f491425-300x300.webp\" alt=\"Image de kico\" loading=\"lazy\">\n\t\t\t\t<\/div>\n\t\t\t\n\t\t\t<div class=\"elementor-author-box__text\">\n\t\t\t\t\t\t\t\t\t<div >\n\t\t\t\t\t\t<h2 class=\"elementor-author-box__name\">\n\t\t\t\t\t\t\tkico\t\t\t\t\t\t<\/h2>\n\t\t\t\t\t<\/div>\n\t\t\t\t\n\t\t\t\t\t\t\t\t\t<div class=\"elementor-author-box__bio\">\n\t\t\t\t\t\t<p><b>R\u00e9dacteur de blog sp\u00e9cialis\u00e9 en CBD<\/b><\/p>\n<p>Kico, n\u00e9 le 21 octobre 1987 en Espagne, est un r\u00e9dacteur de blog renomm\u00e9, sp\u00e9cialis\u00e9 dans les produits \u00e0 base de CBD. Apr\u00e8s des \u00e9tudes en art et graphisme, Kico a d\u00e9velopp\u00e9 un int\u00e9r\u00eat marqu\u00e9 pour le bien-\u00eatre naturel et les produits d\u00e9riv\u00e9s du cannabis. En 2022, il rejoint l'\u00e9quipe du site CBD.fr en tant qu\u2019expert et r\u00e9dacteur. Avec une plume aff\u00fbt\u00e9e et des connaissances approfondies, Kico informe et \u00e9duque le public sur les avantages et les applications du CBD \u00e0 travers ses articles.<\/p>\n\t\t\t\t\t<\/div>\n\t\t\t\t\n\t\t\t\t\t\t\t\t\t<a class=\"elementor-author-box__button elementor-button elementor-size-xs\" href=\"https:\/\/www.cbd.fr\/blog\/author\/redac-cbd\/\">\n\t\t\t\t\t\tVoir tous ses articles\t\t\t\t\t<\/a>\n\t\t\t\t\t\t\t<\/div>\n\t\t<\/div>\n\t\t\t\t\t\t<\/div>\n\t\t\t\t<\/div>\n\t\t\t\t\t<\/div>\n\t\t<\/div>\n\t\t\t\t\t<\/div>\n\t\t<\/section>\n\t\t\t\t<section class=\"elementor-section elementor-top-section elementor-element elementor-element-c8673e1 elementor-section-boxed elementor-section-height-default elementor-section-height-default\" data-id=\"c8673e1\" data-element_type=\"section\" data-e-type=\"section\">\n\t\t\t\t\t\t<div class=\"elementor-container elementor-column-gap-default\">\n\t\t\t\t\t<div class=\"elementor-column elementor-col-100 elementor-top-column elementor-element elementor-element-497bd05\" data-id=\"497bd05\" data-element_type=\"column\" data-e-type=\"column\">\n\t\t\t<div class=\"elementor-widget-wrap elementor-element-populated\">\n\t\t\t\t\t\t<div class=\"elementor-element elementor-element-d8ee9cb elementor-author-box--layout-image-left elementor-author-box--image-valign-top elementor-widget elementor-widget-author-box\" data-id=\"d8ee9cb\" data-element_type=\"widget\" data-e-type=\"widget\" data-widget_type=\"author-box.default\">\n\t\t\t\t<div class=\"elementor-widget-container\">\n\t\t\t\t\t\t\t<div class=\"elementor-author-box\">\n\t\t\t\t\t\t\t<div  class=\"elementor-author-box__avatar\">\n\t\t\t\t\t<img decoding=\"async\" src=\"https:\/\/www.cbd.fr\/blog\/wp-content\/uploads\/2023\/07\/cedric-cbd-300x300.webp\" alt=\"Image de c\u00e9dric\" loading=\"lazy\">\n\t\t\t\t<\/div>\n\t\t\t\n\t\t\t<div class=\"elementor-author-box__text\">\n\t\t\t\t\t\t\t\t\t<div >\n\t\t\t\t\t\t<h2 class=\"elementor-author-box__name\">\n\t\t\t\t\t\t\tc\u00e9dric\t\t\t\t\t\t<\/h2>\n\t\t\t\t\t<\/div>\n\t\t\t\t\n\t\t\t\t\t\t\t\t\t<div class=\"elementor-author-box__bio\">\n\t\t\t\t\t\t<p><b>D\u00e9veloppeur \/ R\u00e9dacteur CBD<\/b><\/p>\n<p>C\u00e9dric est un sp\u00e9cialiste polyvalent combinant expertise en d\u00e9veloppement informatique et connaissance approfondie des produits \u00e0 base de CBD. Il d\u00e9veloppe des applications et outils en ligne centr\u00e9s sur le CBD, et contribue r\u00e9guli\u00e8rement \u00e0 CBD.fr avec des articles qui fusionnent technologie et bienfaits du CBD. Son travail innovant vise \u00e0 faciliter l'acc\u00e8s \u00e0 l'information et \u00e0 optimiser l'utilisation des produits \u00e0 base de CBD.<\/p>\n\t\t\t\t\t<\/div>\n\t\t\t\t\n\t\t\t\t\t\t\t\t\t<a class=\"elementor-author-box__button elementor-button elementor-size-xs\" href=\"https:\/\/www.cbd.fr\/blog\/author\/redac-cbd\/\">\n\t\t\t\t\t\tVoir tous ses articles\t\t\t\t\t<\/a>\n\t\t\t\t\t\t\t<\/div>\n\t\t<\/div>\n\t\t\t\t\t\t<\/div>\n\t\t\t\t<\/div>\n\t\t\t\t\t<\/div>\n\t\t<\/div>\n\t\t\t\t\t<\/div>\n\t\t<\/section>\n\t\t\t\t<section class=\"elementor-section elementor-top-section elementor-element elementor-element-7ccea30 elementor-section-boxed elementor-section-height-default elementor-section-height-default\" data-id=\"7ccea30\" data-element_type=\"section\" data-e-type=\"section\">\n\t\t\t\t\t\t<div class=\"elementor-container elementor-column-gap-default\">\n\t\t\t\t\t<div class=\"elementor-column elementor-col-100 elementor-top-column elementor-element elementor-element-be48973\" data-id=\"be48973\" data-element_type=\"column\" data-e-type=\"column\">\n\t\t\t<div class=\"elementor-widget-wrap elementor-element-populated\">\n\t\t\t\t\t\t<div class=\"elementor-element elementor-element-b379031 elementor-author-box--layout-image-left elementor-author-box--image-valign-top elementor-widget elementor-widget-author-box\" data-id=\"b379031\" data-element_type=\"widget\" data-e-type=\"widget\" data-widget_type=\"author-box.default\">\n\t\t\t\t<div class=\"elementor-widget-container\">\n\t\t\t\t\t\t\t<div class=\"elementor-author-box\">\n\t\t\t\t\t\t\t<div  class=\"elementor-author-box__avatar\">\n\t\t\t\t\t<img decoding=\"async\" src=\"https:\/\/www.cbd.fr\/blog\/wp-content\/uploads\/2023\/07\/cordosboub_leonard_25_years_old_writer_with_his_pen_growing_can_dee4b6af-3a4d-4700-90ce-93a5929925cb-300x300.png\" alt=\"Image de Leonard\" loading=\"lazy\">\n\t\t\t\t<\/div>\n\t\t\t\n\t\t\t<div class=\"elementor-author-box__text\">\n\t\t\t\t\t\t\t\t\t<div >\n\t\t\t\t\t\t<h2 class=\"elementor-author-box__name\">\n\t\t\t\t\t\t\tLeonard\t\t\t\t\t\t<\/h2>\n\t\t\t\t\t<\/div>\n\t\t\t\t\n\t\t\t\t\t\t\t\t\t<div class=\"elementor-author-box__bio\">\n\t\t\t\t\t\t<p><b>R\u00e9dacteur \/ Expert Cannabis et CBD<\/b><\/p>\n<p>Leonard est l'\u00e9minent r\u00e9dacteur en chef du Blog sur le CBD et le Cannabis, o\u00f9 il s'emploie \u00e0 d\u00e9mystifier et \u00e0 \u00e9duquer les lecteurs sur les nuances et les applications du CBD et du cannabis. Avant de devenir un leader d'opinion dans l'industrie du cannabis, Leonard a pass\u00e9 plus d'une d\u00e9cennie \u00e0 s'impr\u00e9gner de la science, de la r\u00e9glementation et de l'histoire de la plante de cannabis, donnant une profondeur et une pr\u00e9cision incomparables \u00e0 ses \u00e9crits.<\/p>\n\t\t\t\t\t<\/div>\n\t\t\t\t\n\t\t\t\t\t\t\t\t\t<a class=\"elementor-author-box__button elementor-button elementor-size-xs\" href=\"https:\/\/www.cbd.fr\/blog\/author\/redac-cbd\/\">\n\t\t\t\t\t\tVoir tous ses articles\t\t\t\t\t<\/a>\n\t\t\t\t\t\t\t<\/div>\n\t\t<\/div>\n\t\t\t\t\t\t<\/div>\n\t\t\t\t<\/div>\n\t\t\t\t\t<\/div>\n\t\t<\/div>\n\t\t\t\t\t<\/div>\n\t\t<\/section>\n\t\t\t\t<section class=\"elementor-section elementor-top-section elementor-element elementor-element-3caf342 elementor-section-boxed elementor-section-height-default elementor-section-height-default\" data-id=\"3caf342\" data-element_type=\"section\" data-e-type=\"section\">\n\t\t\t\t\t\t<div class=\"elementor-container elementor-column-gap-default\">\n\t\t\t\t\t<div class=\"elementor-column elementor-col-100 elementor-top-column elementor-element elementor-element-85f4f3b\" data-id=\"85f4f3b\" data-element_type=\"column\" data-e-type=\"column\">\n\t\t\t<div class=\"elementor-widget-wrap elementor-element-populated\">\n\t\t\t\t\t\t<div class=\"elementor-element elementor-element-1194a35 elementor-author-box--layout-image-left elementor-author-box--image-valign-top elementor-widget elementor-widget-author-box\" data-id=\"1194a35\" data-element_type=\"widget\" data-e-type=\"widget\" data-widget_type=\"author-box.default\">\n\t\t\t\t<div class=\"elementor-widget-container\">\n\t\t\t\t\t\t\t<div class=\"elementor-author-box\">\n\t\t\t\t\t\t\t<div  class=\"elementor-author-box__avatar\">\n\t\t\t\t\t<img decoding=\"async\" src=\"https:\/\/www.cbd.fr\/blog\/wp-content\/uploads\/2023\/07\/cordosboub_man_35_years_old_cannabis_expert_growing_cannabis_pi_ffd21375-fa9d-4d04-935c-66f9f03d1988-300x300.png\" alt=\"Image de kevin\" loading=\"lazy\">\n\t\t\t\t<\/div>\n\t\t\t\n\t\t\t<div class=\"elementor-author-box__text\">\n\t\t\t\t\t\t\t\t\t<div >\n\t\t\t\t\t\t<h2 class=\"elementor-author-box__name\">\n\t\t\t\t\t\t\tkevin\t\t\t\t\t\t<\/h2>\n\t\t\t\t\t<\/div>\n\t\t\t\t\n\t\t\t\t\t\t\t\t\t<div class=\"elementor-author-box__bio\">\n\t\t\t\t\t\t<p><b>R\u00e9dacteur CBD \/ Expert Cannabis<\/b><\/p>\n<p>Kevin Rosselet est un passionn\u00e9 suisse des vertus du cannabis, du CBD et de toutes les herbes m\u00e9dicinales en g\u00e9n\u00e9ral. Depuis 2022, il a rejoint l'\u00e9quipe de CBD.fr, o\u00f9 il se r\u00e9jouit de partager ses connaissances avec les clients CBD.fr \u00e0 travers ses articles et la r\u00e9daction de fiches produits. N\u00e9 avec une curiosit\u00e9 inn\u00e9e pour les plantes et leurs bienfaits, Kevin a consacr\u00e9 de nombreuses ann\u00e9es \u00e0 l'\u00e9tude des propri\u00e9t\u00e9s m\u00e9dicinales des plantes en tout genre. Il a d\u00e9velopp\u00e9 une expertise approfondie dans le domaine du cannabis et du CBD ces derni\u00e8res 10 ann\u00e9es, en explorant les multiples utilisations de ces substances pour la sant\u00e9 et le bien-\u00eatre. Kevin est un ardent d\u00e9fenseur des bienfaits th\u00e9rapeutiques du cannabis et du CBD, et il croit fermement en leur potentiel pour am\u00e9liorer la qualit\u00e9 de vie des individus. Convaincu que la nature nous offre des ressources pr\u00e9cieuses, il s'efforce de partager ses connaissances et de d\u00e9mystifier les fausses id\u00e9es entourant ces substances.<\/p>\n\t\t\t\t\t<\/div>\n\t\t\t\t\n\t\t\t\t\t\t\t\t\t<a class=\"elementor-author-box__button elementor-button elementor-size-xs\" href=\"https:\/\/www.cbd.fr\/blog\/author\/redac-cbd\/\">\n\t\t\t\t\t\tVoir tous ses articles\t\t\t\t\t<\/a>\n\t\t\t\t\t\t\t<\/div>\n\t\t<\/div>\n\t\t\t\t\t\t<\/div>\n\t\t\t\t<\/div>\n\t\t\t\t\t<\/div>\n\t\t<\/div>\n\t\t\t\t\t<\/div>\n\t\t<\/section>\n\t\t\t\t<section class=\"elementor-section elementor-top-section elementor-element elementor-element-341fd89 elementor-section-boxed elementor-section-height-default elementor-section-height-default\" data-id=\"341fd89\" data-element_type=\"section\" data-e-type=\"section\">\n\t\t\t\t\t\t<div class=\"elementor-container elementor-column-gap-default\">\n\t\t\t\t\t<div class=\"elementor-column elementor-col-100 elementor-top-column elementor-element elementor-element-980f499\" data-id=\"980f499\" data-element_type=\"column\" data-e-type=\"column\">\n\t\t\t<div class=\"elementor-widget-wrap\">\n\t\t\t\t\t\t\t<\/div>\n\t\t<\/div>\n\t\t\t\t\t<\/div>\n\t\t<\/section>\n\t\t\t\t<\/div>\n\t\t","protected":false},"excerpt":{"rendered":"<p>nos auteurs et experts en cbd<\/p>\n","protected":false},"author":90,"featured_media":0,"parent":0,"menu_order":0,"comment_status":"closed","ping_status":"closed","template":"","meta":{"_sitemap_exclude":false,"_sitemap_priority":"","_sitemap_frequency":"","footnotes":""},"class_list":["post-8386","page","type-page","status-publish","hentry"],"yoast_head":"<!-- This site is optimized with the Yoast SEO Premium plugin v27.0 (Yoast SEO v27.1.1) - https:\/\/yoast.com\/product\/yoast-seo-premium-wordpress\/ -->\n<title>Nos auteurs, R\u00e9dacteurs, Experts en CBD - CBD Blog<\/title>\n<meta name=\"description\" content=\"D\u00e9couvrez nos auteurs r\u00e9dacteurs membres de l&#039;\u00e9quipe CBD.fr qui vous apportent le maximum d&#039;informations sur le CBD\" \/>\n<meta name=\"robots\" content=\"index, follow, max-snippet:-1, max-image-preview:large, max-video-preview:-1\" \/>\n<link rel=\"canonical\" href=\"https:\/\/www.cbd.fr\/blog\/nos-auteurs-experts-en-cbd\/\" \/>\n<meta property=\"og:locale\" content=\"fr_FR\" \/>\n<meta property=\"og:type\" content=\"article\" \/>\n<meta property=\"og:title\" content=\"Nos auteurs, R\u00e9dacteurs, Experts en CBD\" \/>\n<meta property=\"og:description\" content=\"Blog CBD.fr : guides, conseils et actus pour bien choisir vos produits bien-\u00eatre. Qualit\u00e9, effets, l\u00e9galit\u00e9 : on vous dit tout.\" \/>\n<meta property=\"og:url\" content=\"https:\/\/www.cbd.fr\/blog\/nos-auteurs-experts-en-cbd\/\" \/>\n<meta property=\"og:site_name\" content=\"CBD Blog\" \/>\n<meta property=\"article:publisher\" content=\"https:\/\/www.facebook.com\/cbdfrr\/\" \/>\n<meta property=\"article:modified_time\" content=\"2023-07-19T17:56:41+00:00\" \/>\n<meta property=\"og:image\" content=\"https:\/\/www.cbd.fr\/blog\/wp-content\/uploads\/2026\/02\/facebook.png\" \/>\n\t<meta property=\"og:image:width\" content=\"1200\" \/>\n\t<meta property=\"og:image:height\" content=\"675\" \/>\n\t<meta property=\"og:image:type\" content=\"image\/png\" \/>\n<meta name=\"twitter:card\" content=\"summary_large_image\" \/>\n<meta name=\"twitter:label1\" content=\"Dur\u00e9e de lecture estim\u00e9e\" \/>\n\t<meta name=\"twitter:data1\" content=\"4 minutes\" \/>\n<!-- \/ Yoast SEO Premium plugin. -->","yoast_head_json":{"title":"Nos auteurs, R\u00e9dacteurs, Experts en CBD - CBD Blog","description":"D\u00e9couvrez nos auteurs r\u00e9dacteurs membres de l'\u00e9quipe CBD.fr qui vous apportent le maximum d'informations sur le CBD","robots":{"index":"index","follow":"follow","max-snippet":"max-snippet:-1","max-image-preview":"max-image-preview:large","max-video-preview":"max-video-preview:-1"},"canonical":"https:\/\/www.cbd.fr\/blog\/nos-auteurs-experts-en-cbd\/","og_locale":"fr_FR","og_type":"article","og_title":"Nos auteurs, R\u00e9dacteurs, Experts en CBD","og_description":"Blog CBD.fr : guides, conseils et actus pour bien choisir vos produits bien-\u00eatre. Qualit\u00e9, effets, l\u00e9galit\u00e9 : on vous dit tout.","og_url":"https:\/\/www.cbd.fr\/blog\/nos-auteurs-experts-en-cbd\/","og_site_name":"CBD Blog","article_publisher":"https:\/\/www.facebook.com\/cbdfrr\/","article_modified_time":"2023-07-19T17:56:41+00:00","og_image":[{"width":1200,"height":675,"url":"https:\/\/www.cbd.fr\/blog\/wp-content\/uploads\/2026\/02\/facebook.png","type":"image\/png"}],"twitter_card":"summary_large_image","twitter_misc":{"Dur\u00e9e de lecture estim\u00e9e":"4 minutes"},"schema":{"@context":"https:\/\/schema.org","@graph":[{"@type":"WebPage","@id":"https:\/\/www.cbd.fr\/blog\/nos-auteurs-experts-en-cbd\/","url":"https:\/\/www.cbd.fr\/blog\/nos-auteurs-experts-en-cbd\/","name":"Nos auteurs, R\u00e9dacteurs, Experts en CBD - CBD Blog","isPartOf":{"@id":"https:\/\/www.cbd.fr\/blog\/#website"},"datePublished":"2023-07-19T16:30:04+00:00","dateModified":"2023-07-19T17:56:41+00:00","description":"D\u00e9couvrez nos auteurs r\u00e9dacteurs membres de l'\u00e9quipe CBD.fr qui vous apportent le maximum d'informations sur le CBD","breadcrumb":{"@id":"https:\/\/www.cbd.fr\/blog\/nos-auteurs-experts-en-cbd\/#breadcrumb"},"inLanguage":"fr-FR","potentialAction":[{"@type":"ReadAction","target":["https:\/\/www.cbd.fr\/blog\/nos-auteurs-experts-en-cbd\/"]}]},{"@type":"BreadcrumbList","@id":"https:\/\/www.cbd.fr\/blog\/nos-auteurs-experts-en-cbd\/#breadcrumb","itemListElement":[{"@type":"ListItem","position":1,"name":"CBD Blog","item":"https:\/\/www.cbd.fr\/blog\/"},{"@type":"ListItem","position":2,"name":"Nos auteurs, R\u00e9dacteurs, Experts en CBD"}]},{"@type":"WebSite","@id":"https:\/\/www.cbd.fr\/blog\/#website","url":"https:\/\/www.cbd.fr\/blog\/","name":"CBD Blog","description":"Le meilleur blog de CBD et du chanvre en France par CBD.fr","publisher":{"@id":"https:\/\/www.cbd.fr\/blog\/#organization"},"alternateName":"CBD.fr","potentialAction":[{"@type":"SearchAction","target":{"@type":"EntryPoint","urlTemplate":"https:\/\/www.cbd.fr\/blog\/?s={search_term_string}"},"query-input":{"@type":"PropertyValueSpecification","valueRequired":true,"valueName":"search_term_string"}}],"inLanguage":"fr-FR"},{"@type":"Organization","@id":"https:\/\/www.cbd.fr\/blog\/#organization","name":"CBD.fr","alternateName":"CBD.fr","url":"https:\/\/www.cbd.fr\/blog\/","logo":{"@type":"ImageObject","inLanguage":"fr-FR","@id":"https:\/\/www.cbd.fr\/blog\/#\/schema\/logo\/image\/","url":"https:\/\/www.cbd.fr\/blog\/wp-content\/uploads\/2023\/01\/logo-cbd.png","contentUrl":"https:\/\/www.cbd.fr\/blog\/wp-content\/uploads\/2023\/01\/logo-cbd.png","width":215,"height":100,"caption":"CBD.fr"},"image":{"@id":"https:\/\/www.cbd.fr\/blog\/#\/schema\/logo\/image\/"},"sameAs":["https:\/\/www.facebook.com\/cbdfrr\/","https:\/\/www.instagram.com\/cbdfr\/","https:\/\/www.youtube.com\/@CBD_fr","https:\/\/www.linkedin.com\/company\/cbd-fr\/"],"description":"CBD.fr est le leaders fran\u00e7ais du bien-\u00eatre et du CBD, proposant une large gamme de produits \u00e0 base de chanvre rigoureusement s\u00e9lectionn\u00e9s. Expertise, qualit\u00e9 et p\u00e9dagogie sont au c\u0153ur de l\u2019exp\u00e9rience CBD.fr.","email":"support@cbd.fr","telephone":"0189720196","legalName":"CBD.fr","foundingDate":"2021-01-01","taxID":"760933","numberOfEmployees":{"@type":"QuantitativeValue","minValue":"11","maxValue":"50"}}]}},"_links":{"self":[{"href":"https:\/\/www.cbd.fr\/blog\/wp-json\/wp\/v2\/pages\/8386","targetHints":{"allow":["GET"]}}],"collection":[{"href":"https:\/\/www.cbd.fr\/blog\/wp-json\/wp\/v2\/pages"}],"about":[{"href":"https:\/\/www.cbd.fr\/blog\/wp-json\/wp\/v2\/types\/page"}],"author":[{"embeddable":true,"href":"https:\/\/www.cbd.fr\/blog\/wp-json\/wp\/v2\/users\/90"}],"replies":[{"embeddable":true,"href":"https:\/\/www.cbd.fr\/blog\/wp-json\/wp\/v2\/comments?post=8386"}],"version-history":[{"count":0,"href":"https:\/\/www.cbd.fr\/blog\/wp-json\/wp\/v2\/pages\/8386\/revisions"}],"wp:attachment":[{"href":"https:\/\/www.cbd.fr\/blog\/wp-json\/wp\/v2\/media?parent=8386"}],"curies":[{"name":"wp","href":"https:\/\/api.w.org\/{rel}","templated":true}]}}